{"id":10889,"date":"2014-10-11T15:00:50","date_gmt":"2014-10-11T15:00:50","guid":{"rendered":"http:\/\/theme-fusion.com\/avada_demos\/portfolio\/?page_id=10889"},"modified":"2018-11-21T08:49:39","modified_gmt":"2018-11-21T07:49:39","slug":"verksamhet","status":"publish","type":"page","link":"https:\/\/flahult1686.se\/?page_id=10889","title":{"rendered":"F\u00f6rvaltning"},"content":{"rendered":"<div class=\"fusion-fullwidth fullwidth-box fusion-builder-row-1 hundred-percent-fullwidth non-hundred-percent-height-scrolling\" style=\"--awb-border-radius-top-left:0px;--awb-border-radius-top-right:0px;--awb-border-radius-bottom-right:0px;--awb-border-radius-bottom-left:0px;--awb-overflow:visible;\" ><div class=\"fusion-builder-row fusion-row\"><div class=\"fusion-layout-column fusion_builder_column fusion-builder-column-0 fusion_builder_column_1_2 1_2 fusion-one-half fusion-column-first\" style=\"--awb-bg-size:cover;width:48%; margin-right: 4%;\"><div class=\"fusion-column-wrapper fusion-flex-column-wrapper-legacy\"><div class=\"fusion-text fusion-text-1\"><p>Vi har ofta en r\u00e5dgivande roll. Det kan handla om allt som r\u00f6r din egen f\u00f6rvaltning av n\u00e4ringsfastigheter och d\u00e5 fr\u00e4mst jordbruks- och skogsfastigheter. Det kan r\u00f6ra bitr\u00e4de vid en f\u00f6rs\u00e4ljning eller deklarations- och skattefr\u00e5gor i allm\u00e4nhet. Med\u00a0bred kompetens skapar vi signifikativ skillnad.<\/p>\n<\/div><div class=\"fusion-clearfix\"><\/div><\/div><\/div><div class=\"fusion-layout-column fusion_builder_column fusion-builder-column-1 fusion_builder_column_1_2 1_2 fusion-one-half fusion-column-last\" style=\"--awb-bg-size:cover;width:48%;\"><div class=\"fusion-column-wrapper fusion-flex-column-wrapper-legacy\"><div class=\"fusion-text fusion-text-2\"><p>Vi avser ocks\u00e5 att f\u00f6rvalta fr\u00e4mst skogs- och n\u00e4ringsfastigheter med b\u00e5de direkt och indirekt \u00e4gande.\u00a0F\u00f6rvaltning av v\u00e4rdepapper kan inneb\u00e4ra l\u00e5ngsiktiga placeringar i s\u00e5v\u00e4l b\u00f6rsnoterade f\u00f6retag som mindre och medelstora utvecklingsbolag. Styrelserepresentation kan vara en option.<\/p>\n<\/div><div class=\"fusion-clearfix\"><\/div><\/div><\/div><\/div><\/div>\n","protected":false},"excerpt":{"rendered":"","protected":false},"author":1,"featured_media":0,"parent":0,"menu_order":8,"comment_status":"open","ping_status":"open","template":"","meta":{"footnotes":""},"class_list":["post-10889","page","type-page","status-publish","hentry"],"_links":{"self":[{"href":"https:\/\/flahult1686.se\/index.php?rest_route=\/wp\/v2\/pages\/10889","targetHints":{"allow":["GET"]}}],"collection":[{"href":"https:\/\/flahult1686.se\/index.php?rest_route=\/wp\/v2\/pages"}],"about":[{"href":"https:\/\/flahult1686.se\/index.php?rest_route=\/wp\/v2\/types\/page"}],"author":[{"embeddable":true,"href":"https:\/\/flahult1686.se\/index.php?rest_route=\/wp\/v2\/users\/1"}],"replies":[{"embeddable":true,"href":"https:\/\/flahult1686.se\/index.php?rest_route=%2Fwp%2Fv2%2Fcomments&post=10889"}],"version-history":[{"count":15,"href":"https:\/\/flahult1686.se\/index.php?rest_route=\/wp\/v2\/pages\/10889\/revisions"}],"predecessor-version":[{"id":13490,"href":"https:\/\/flahult1686.se\/index.php?rest_route=\/wp\/v2\/pages\/10889\/revisions\/13490"}],"wp:attachment":[{"href":"https:\/\/flahult1686.se\/index.php?rest_route=%2Fwp%2Fv2%2Fmedia&parent=10889"}],"curies":[{"name":"wp","href":"https:\/\/api.w.org\/{rel}","templated":true}]}}