{"id":10883,"date":"2014-10-11T14:58:50","date_gmt":"2014-10-11T14:58:50","guid":{"rendered":"http:\/\/theme-fusion.com\/avada_demos\/portfolio\/?page_id=10883"},"modified":"2018-11-21T08:49:39","modified_gmt":"2018-11-21T07:49:39","slug":"om-flahult1686","status":"publish","type":"page","link":"https:\/\/flahult1686.se\/?page_id=10883","title":{"rendered":"Om Flahult 1686"},"content":{"rendered":"<div class=\"fusion-fullwidth fullwidth-box fusion-builder-row-1 hundred-percent-fullwidth non-hundred-percent-height-scrolling\" style=\"--awb-border-radius-top-left:0px;--awb-border-radius-top-right:0px;--awb-border-radius-bottom-right:0px;--awb-border-radius-bottom-left:0px;--awb-overflow:visible;\" ><div class=\"fusion-builder-row fusion-row\"><div class=\"fusion-layout-column fusion_builder_column fusion-builder-column-0 fusion_builder_column_1_1 1_1 fusion-one-full fusion-column-first fusion-column-last\" style=\"--awb-bg-size:cover;\"><div class=\"fusion-column-wrapper fusion-flex-column-wrapper-legacy\"><div class=\"fusion-title title fusion-title-1 fusion-sep-none fusion-title-text fusion-title-size-one\"><h1 class=\"title-heading-left\" style=\"margin:0;\">Med anor sedan svunna tider\u2026<\/h1><\/div><div class=\"fusion-clearfix\"><\/div><\/div><\/div><div class=\"fusion-layout-column fusion_builder_column fusion-builder-column-1 fusion_builder_column_1_2 1_2 fusion-one-half fusion-column-first\" style=\"--awb-bg-size:cover;width:48%; margin-right: 4%;\"><div class=\"fusion-column-wrapper fusion-flex-column-wrapper-legacy\"><div class=\"fusion-text fusion-text-1\"><p>Familjen\u00a0Larssons har haft sin bas i Flahult sedan generationer. Jag har alltid h\u00f6rt att vi har anor i Flahult sedan mer \u00e4n 300 \u00e5r. Det visade sig st\u00e4mma! Men vid den tiden var livet p\u00e5 g\u00e5rden inte riktigt som det \u00e4r idag. Och vid denna tid fanns det p\u00e5 g\u00e5rden en smedja. H\u00e4r tillverkades diverse jordbruksredskap, g\u00e5ngj\u00e4rn m.m. och allt annat som man kunde beh\u00f6va p\u00e5 g\u00e5rden eller i byn. Smedjan finns inte l\u00e4ngre kvar men byggnaden stod kvar till p\u00e5 1960-talet. Innan den slutligen fick skatta \u00e5t f\u00f6rg\u00e4ngelsen r\u00e4ddades ett stort antal f\u00f6rem\u00e5l. Det var verktyg, ljusstakar, tenntallrikar, \u00e4mnen till olika f\u00f6rem\u00e5l m.m. I en kista hittade vi t.o.m. delar av knektens utrustning s\u00e5som hans b\u00f6ssa och bajonett, om \u00e4n inte i b\u00e4sta skick.<\/p>\n<\/div><div class=\"fusion-clearfix\"><\/div><\/div><\/div><div class=\"fusion-layout-column fusion_builder_column fusion-builder-column-2 fusion_builder_column_1_2 1_2 fusion-one-half fusion-column-last\" style=\"--awb-bg-size:cover;width:48%;\"><div class=\"fusion-column-wrapper fusion-flex-column-wrapper-legacy\"><div class=\"fusion-text fusion-text-2\"><p>Vad vi dessutom fann var en vindfl\u00f6jel med \u00e5rtalet 1686. Det \u00e4r v\u00e5r \u00f6vertygelse att denna vindfl\u00f6jel tillverkats i smedjan och suttit p\u00e5 n\u00e5gon av de m\u00e5nga byggnaderna p\u00e5 g\u00e5rden. En kopia finns nu p\u00e5 huvudbyggnaden. Vilken betydelse \u00e5rtalet 1686 egentligen har eller ursprungligen hade, vet vi inte med s\u00e4kerhet. Kanske var det s\u00e5 att huvudbyggnaden uppf\u00f6rdes just detta \u00e5r. Vi vill g\u00e4rna tro det. Hur som helst m\u00e5ste \u00e5ret 1686 vara betydelsefullt p\u00e5 n\u00e5got s\u00e4tt. Som en tillf\u00e4llighet kom v\u00e5r familj att flytta till g\u00e5rden exakt 300 \u00e5r senare eller 1986. Vindfl\u00f6jeln har allts\u00e5 blivit en naturlig symbol och logotyp f\u00f6r oss och v\u00e5r verksamhet. F\u00f6r oss betyder \u00e5ret 1686 l\u00e5ngsiktighet, stabilitet och mycket annat!<\/p>\n<\/div><div class=\"fusion-clearfix\"><\/div><\/div><\/div><\/div><\/div>\n","protected":false},"excerpt":{"rendered":"","protected":false},"author":1,"featured_media":0,"parent":0,"menu_order":6,"comment_status":"open","ping_status":"open","template":"","meta":{"footnotes":""},"class_list":["post-10883","page","type-page","status-publish","hentry"],"_links":{"self":[{"href":"https:\/\/flahult1686.se\/index.php?rest_route=\/wp\/v2\/pages\/10883","targetHints":{"allow":["GET"]}}],"collection":[{"href":"https:\/\/flahult1686.se\/index.php?rest_route=\/wp\/v2\/pages"}],"about":[{"href":"https:\/\/flahult1686.se\/index.php?rest_route=\/wp\/v2\/types\/page"}],"author":[{"embeddable":true,"href":"https:\/\/flahult1686.se\/index.php?rest_route=\/wp\/v2\/users\/1"}],"replies":[{"embeddable":true,"href":"https:\/\/flahult1686.se\/index.php?rest_route=%2Fwp%2Fv2%2Fcomments&post=10883"}],"version-history":[{"count":17,"href":"https:\/\/flahult1686.se\/index.php?rest_route=\/wp\/v2\/pages\/10883\/revisions"}],"predecessor-version":[{"id":13492,"href":"https:\/\/flahult1686.se\/index.php?rest_route=\/wp\/v2\/pages\/10883\/revisions\/13492"}],"wp:attachment":[{"href":"https:\/\/flahult1686.se\/index.php?rest_route=%2Fwp%2Fv2%2Fmedia&parent=10883"}],"curies":[{"name":"wp","href":"https:\/\/api.w.org\/{rel}","templated":true}]}}