{"id":13185,"date":"2015-08-05T10:47:23","date_gmt":"2015-08-05T08:47:23","guid":{"rendered":"http:\/\/flahult1686.se\/?page_id=13185"},"modified":"2018-11-21T08:49:39","modified_gmt":"2018-11-21T07:49:39","slug":"finansiell-radgivning","status":"publish","type":"page","link":"http:\/\/flahult1686.se\/?page_id=13185","title":{"rendered":"R\u00e5dgivning"},"content":{"rendered":"<div class=\"fusion-fullwidth fullwidth-box fusion-builder-row-1 hundred-percent-fullwidth non-hundred-percent-height-scrolling\" style=\"--awb-border-radius-top-left:0px;--awb-border-radius-top-right:0px;--awb-border-radius-bottom-right:0px;--awb-border-radius-bottom-left:0px;--awb-overflow:visible;\" ><div class=\"fusion-builder-row fusion-row\"><div class=\"fusion-layout-column fusion_builder_column fusion-builder-column-0 fusion_builder_column_1_2 1_2 fusion-one-half fusion-column-first\" style=\"--awb-bg-size:cover;width:48%; margin-right: 4%;\"><div class=\"fusion-column-wrapper fusion-flex-column-wrapper-legacy\"><div class=\"fusion-text fusion-text-1\"><p>Genom Anders Larsson, med\u00a0en gedigen bakgrund som revisor p\u00e5 PwC,\u00a0kan vi erbjuda professionellt utf\u00f6rd strategisk ekonomisk r\u00e5dgivning.<\/p>\n<p><strong><em>Bakgrund<\/em><\/strong><br \/>\nSom nybliven civilekonom 1977 tog jag anst\u00e4llning p\u00e5 en revisionsbyr\u00e5 som senare kom att \u00f6vertas av \u00d6hrlings Revisionsbyr\u00e5, numera PricewaterhouseCoopers. H\u00e4r har jag varit verksam som auktoriserad revisor under mer \u00e4n 30 \u00e5r.\u00a0 Mina uppdragsgivare har best\u00e5tt av s\u00e5v\u00e4l stora som medelstora och mindre, fr\u00e4mst \u00e4garledda, industrif\u00f6retag och koncerner med verksamhet s\u00e5v\u00e4l i Sverige som utomlands. F\u00f6rutom revision har viktiga arbetsomr\u00e5den varit skattefr\u00e5gor, generationsskiften, strukturf\u00f6r\u00e4ndringar och f\u00f6retagsutveckling i allm\u00e4nhet. Jag har \u00e4ven varit kontorschef och partner under m\u00e5nga \u00e5r.<\/p>\n<\/div><div class=\"fusion-clearfix\"><\/div><\/div><\/div><div class=\"fusion-layout-column fusion_builder_column fusion-builder-column-1 fusion_builder_column_1_2 1_2 fusion-one-half fusion-column-last\" style=\"--awb-bg-size:cover;width:48%;\"><div class=\"fusion-column-wrapper fusion-flex-column-wrapper-legacy\"><div class=\"fusion-text fusion-text-2\"><p style=\"text-align: justify;\"><strong><em>Kompetensomr\u00e5den<\/em><\/strong><br \/>\n\u2013 Ekonomisk analys<br \/>\n\u2013 Styrelsearbete<br \/>\n\u2013 Samtalspartner i ekonomiska fr\u00e5gor<br \/>\n\u2013 Aff\u00e4rsr\u00e5dgivning<br \/>\n\u2013 Coaching<br \/>\n\u2013 L\u00e5ngsiktsplanering<br \/>\n\u2013 Budget, kalkyler<br \/>\n\u2013 Bokslutsplanering<br \/>\n\u2013 Koncernredovisning<br \/>\n\u2013 Skatteplanering<br \/>\n\u2013 Deklarationer, enkla o komplicerade<br \/>\n\u2013 Organisationsfr\u00e5gor<br \/>\n\u2013 Administrativ planering<br \/>\n\u2013 F\u00f6retags\u00f6verl\u00e5telser<br \/>\n\u2013 Generationsskiftesplanering<br \/>\n\u2013 Myndighetskontakter, Skatteverket, Bolagsverket mfl.<br \/>\n\u2013 Finansiella fr\u00e5gor och kontakter m banker<br \/>\n\u2013 V\u00e4rderingsfr\u00e5gor fastigheter o aktier<br \/>\n\u2013 Samarbete med revisorer o andra experter<br \/>\n\u2013 Revisionsn\u00e4ra r\u00e5dgivning<\/p>\n<\/div><div class=\"fusion-clearfix\"><\/div><\/div><\/div><\/div><\/div>\n","protected":false},"excerpt":{"rendered":"","protected":false},"author":1,"featured_media":0,"parent":0,"menu_order":2,"comment_status":"open","ping_status":"closed","template":"","meta":{"footnotes":""},"class_list":["post-13185","page","type-page","status-publish","hentry"],"_links":{"self":[{"href":"http:\/\/flahult1686.se\/index.php?rest_route=\/wp\/v2\/pages\/13185","targetHints":{"allow":["GET"]}}],"collection":[{"href":"http:\/\/flahult1686.se\/index.php?rest_route=\/wp\/v2\/pages"}],"about":[{"href":"http:\/\/flahult1686.se\/index.php?rest_route=\/wp\/v2\/types\/page"}],"author":[{"embeddable":true,"href":"http:\/\/flahult1686.se\/index.php?rest_route=\/wp\/v2\/users\/1"}],"replies":[{"embeddable":true,"href":"http:\/\/flahult1686.se\/index.php?rest_route=%2Fwp%2Fv2%2Fcomments&post=13185"}],"version-history":[{"count":27,"href":"http:\/\/flahult1686.se\/index.php?rest_route=\/wp\/v2\/pages\/13185\/revisions"}],"predecessor-version":[{"id":13487,"href":"http:\/\/flahult1686.se\/index.php?rest_route=\/wp\/v2\/pages\/13185\/revisions\/13487"}],"wp:attachment":[{"href":"http:\/\/flahult1686.se\/index.php?rest_route=%2Fwp%2Fv2%2Fmedia&parent=13185"}],"curies":[{"name":"wp","href":"https:\/\/api.w.org\/{rel}","templated":true}]}}