{"id":13033,"date":"2015-08-04T14:13:16","date_gmt":"2015-08-04T12:13:16","guid":{"rendered":"http:\/\/flahult1686.se\/?page_id=13033"},"modified":"2018-11-21T09:53:23","modified_gmt":"2018-11-21T08:53:23","slug":"gjutjarn","status":"publish","type":"page","link":"http:\/\/flahult1686.se\/?page_id=13033","title":{"rendered":"Handel"},"content":{"rendered":"<p><div class=\"fusion-fullwidth fullwidth-box fusion-builder-row-1 hundred-percent-fullwidth non-hundred-percent-height-scrolling\" style=\"--awb-border-radius-top-left:0px;--awb-border-radius-top-right:0px;--awb-border-radius-bottom-right:0px;--awb-border-radius-bottom-left:0px;--awb-overflow:visible;\" ><div class=\"fusion-builder-row fusion-row\"><div class=\"fusion-layout-column fusion_builder_column fusion-builder-column-0 fusion_builder_column_1_1 1_1 fusion-one-full fusion-column-first fusion-column-last\" style=\"--awb-bg-size:cover;\"><div class=\"fusion-column-wrapper fusion-flex-column-wrapper-legacy\"><div class=\"fusion-title title fusion-title-1 fusion-sep-none fusion-title-text fusion-title-size-one\"><h1 class=\"title-heading-left\" style=\"margin:0;\">Uteprodukter i gjutj\u00e4rn<\/h1><\/div><div class=\"fusion-clearfix\"><\/div><\/div><\/div><div class=\"fusion-layout-column fusion_builder_column fusion-builder-column-1 fusion_builder_column_1_2 1_2 fusion-one-half fusion-column-first\" style=\"--awb-bg-size:cover;width:48%; margin-right: 4%;\"><div class=\"fusion-column-wrapper fusion-flex-column-wrapper-legacy\"><div class=\"fusion-text fusion-text-1\"><p>En g\u00e5ng i tiden fanns det en smedja i Flahult. H\u00e4r tillverkades\u00a0verktyg och bruksf\u00f6rem\u00e5l\u00a0som beh\u00f6vdes i det dagliga arbetet i byn och p\u00e5 g\u00e5rden. V\u00e5rt arv har gett oss en f\u00f6rk\u00e4rlek f\u00f6r smidda och gjutna produkter f\u00f6r fr\u00e4mst tr\u00e4dg\u00e5rd och hemmilj\u00f6.<\/p>\n<\/div><div class=\"fusion-clearfix\"><\/div><\/div><\/div><div class=\"fusion-layout-column fusion_builder_column fusion-builder-column-2 fusion_builder_column_1_2 1_2 fusion-one-half fusion-column-last\" style=\"--awb-bg-size:cover;width:48%;\"><div class=\"fusion-column-wrapper fusion-flex-column-wrapper-legacy\"><div class=\"fusion-text fusion-text-2\"><p>De produkter vi\u00a0marknadsf\u00f6r \u00e4r en klassisk rustik urna\u00a0samt tilltalande\u00a0fotskrapor i samma genuina gjutj\u00e4rn att placera framf\u00f6r entr\u00e9n. V\u00e5rt sortiment kommer successivt att ut\u00f6kas.\u00a0F\u00f6rs\u00e4ljning och leverans\u00a0sker fr\u00e5n eget lager i Flahult, Sm\u00e5land.<\/p>\n<\/div><div class=\"fusion-clearfix\"><\/div><\/div><\/div><\/div><\/div><div class=\"fusion-fullwidth fullwidth-box fusion-builder-row-2 nonhundred-percent-fullwidth non-hundred-percent-height-scrolling\" style=\"--awb-background-position:left top;--awb-border-radius-top-left:0px;--awb-border-radius-top-right:0px;--awb-border-radius-bottom-right:0px;--awb-border-radius-bottom-left:0px;--awb-padding-top:20px;--awb-padding-right:0px;--awb-padding-bottom:20px;--awb-padding-left:0px;--awb-border-sizes-top:0px;--awb-border-sizes-bottom:0px;\" ><div class=\"fusion-builder-row fusion-row\"><div class=\"fusion-layout-column fusion_builder_column fusion-builder-column-3 fusion_builder_column_1_1 1_1 fusion-one-full fusion-column-first fusion-column-last fusion-column-no-min-height\" style=\"--awb-bg-size:cover;--awb-margin-bottom:0px;\"><div class=\"fusion-column-wrapper fusion-flex-column-wrapper-legacy\"><style type=\"text\/css\">.fusion-portfolio-wrapper#fusion-portfolio-1 .fusion-portfolio-content{  text-align: left; }<\/style><div class=\"fusion-recent-works fusion-portfolio-element fusion-portfolio fusion-portfolio-1 fusion-portfolio-grid fusion-portfolio-paging-pagination fusion-portfolio-three fusion-portfolio-unboxed fusion-portfolio-text hide-cat\" data-id=\"-rw-1\" data-columns=\"three\"><style type=\"text\/css\">.fusion-portfolio-1 .fusion-portfolio-wrapper .fusion-col-spacing{padding:6px;}<\/style><div class=\"fusion-portfolio-wrapper\" id=\"fusion-portfolio-1\" data-picturesize=\"auto\" data-pages=\"1\" style=\"margin:-6px;\"><article id=\"portfolio-1-post-10863\" class=\"fusion-portfolio-post graphic-design fusion-col-spacing post-10863\"><div class=\"fusion-portfolio-content-wrapper\" style=\"border:none;\"><span class=\"vcard rich-snippet-hidden\"><span class=\"fn\"><a href=\"http:\/\/flahult1686.se\/?author=1\" title=\"Inl\u00e4gg av flahult\" rel=\"author\">flahult<\/a><\/span><\/span><span class=\"updated rich-snippet-hidden\">2018-11-21T10:03:03+01:00<\/span><div  class=\"fusion-image-wrapper\" aria-haspopup=\"true\">\n\t\t\t\t\t\t\t<a href=\"http:\/\/flahult1686.se\/?avada_portfolio=skogsbruk\" aria-label=\"Urna &#8221;Classic&#8221;\">\n\t\t\t\t\t\t\t<img decoding=\"async\" width=\"1920\" height=\"1920\" src=\"http:\/\/flahult1686.se\/wp-content\/uploads\/2016\/07\/12042016-IMG_0713-Redigera_2.jpg\" class=\"attachment-full size-full wp-post-image\" alt=\"\" \/>\t\t\t<\/a>\n\t\t\t\t\t\t\t<\/div>\n<div class=\"fusion-portfolio-content\"><h2 class=\"entry-title fusion-post-title\"><a href=\"http:\/\/flahult1686.se\/?avada_portfolio=skogsbruk\">Urna &#8221;Classic&#8221;<\/a><\/h2><div class=\"fusion-portfolio-meta\"><a href=\"http:\/\/flahult1686.se\/?portfolio_category=graphic-design\" rel=\"tag\">Design<\/a><\/div><div class=\"fusion-post-content\"><p>Urna tillverkad i massivt gjutj\u00e4rn. Av klassiskt snitt\u00a0med gamla anor. Teknisk fakta:\u00a0H\u00f6jd: 76 cm. Diameter: 55 cm. Vikt: 42 kg. F\u00e4rg: Svart, rostskyddsbehandlad. Urnan kan levereras i tv\u00e5 delar f\u00f6r eget montage eller monterad och [...]<\/p><\/div><\/div><\/div><\/article><article id=\"portfolio-1-post-13340\" class=\"fusion-portfolio-post graphic-design fusion-col-spacing post-13340\"><div class=\"fusion-portfolio-content-wrapper\" style=\"border:none;\"><span class=\"vcard rich-snippet-hidden\"><span class=\"fn\"><a href=\"http:\/\/flahult1686.se\/?author=1\" title=\"Inl\u00e4gg av flahult\" rel=\"author\">flahult<\/a><\/span><\/span><span class=\"updated rich-snippet-hidden\">2018-11-21T09:59:16+01:00<\/span><div  class=\"fusion-image-wrapper\" aria-haspopup=\"true\">\n\t\t\t\t\t\t\t<a href=\"http:\/\/flahult1686.se\/?avada_portfolio=fotskrapa-classic\" aria-label=\"Fotskrapa &#8221;Antik&#8221;\">\n\t\t\t\t\t\t\t<img decoding=\"async\" width=\"1920\" height=\"1920\" src=\"http:\/\/flahult1686.se\/wp-content\/uploads\/2016\/07\/12042016-IMG_0726-Redigera_3.jpg\" class=\"attachment-full size-full wp-post-image\" alt=\"\" \/>\t\t\t<\/a>\n\t\t\t\t\t\t\t<\/div>\n<div class=\"fusion-portfolio-content\"><h2 class=\"entry-title fusion-post-title\"><a href=\"http:\/\/flahult1686.se\/?avada_portfolio=fotskrapa-classic\">Fotskrapa &#8221;Antik&#8221;<\/a><\/h2><div class=\"fusion-portfolio-meta\"><a href=\"http:\/\/flahult1686.se\/?portfolio_category=graphic-design\" rel=\"tag\">Design<\/a><\/div><div class=\"fusion-post-content\"><p>Fotskrapa\u00a0tillverkad i massivt gjutj\u00e4rn. Design av klassiskt snitt\u00a0med gamla anor. Teknisk fakta: Bredd: 81 cm. Djup: 43 cm.\u00a0F\u00e4rg: Svart, rostskyddsbehandlad.      <\/p><\/div><\/div><\/div><\/article><article id=\"portfolio-1-post-13342\" class=\"fusion-portfolio-post graphic-design fusion-col-spacing post-13342\"><div class=\"fusion-portfolio-content-wrapper\" style=\"border:none;\"><span class=\"vcard rich-snippet-hidden\"><span class=\"fn\"><a href=\"http:\/\/flahult1686.se\/?author=1\" title=\"Inl\u00e4gg av flahult\" rel=\"author\">flahult<\/a><\/span><\/span><span class=\"updated rich-snippet-hidden\">2018-11-21T10:38:43+01:00<\/span><div  class=\"fusion-image-wrapper\" aria-haspopup=\"true\">\n\t\t\t\t\t\t\t<a href=\"http:\/\/flahult1686.se\/?avada_portfolio=fotskrapa-kringlan\" aria-label=\"Fotskrapa &#8221;Kringlan&#8221;\">\n\t\t\t\t\t\t\t<img decoding=\"async\" width=\"1920\" height=\"1920\" src=\"http:\/\/flahult1686.se\/wp-content\/uploads\/2016\/07\/12042016-IMG_0727-Redigera_2.jpg\" class=\"attachment-full size-full wp-post-image\" alt=\"\" \/>\t\t\t<\/a>\n\t\t\t\t\t\t\t<\/div>\n<div class=\"fusion-portfolio-content\"><h2 class=\"entry-title fusion-post-title\"><a href=\"http:\/\/flahult1686.se\/?avada_portfolio=fotskrapa-kringlan\">Fotskrapa &#8221;Kringlan&#8221;<\/a><\/h2><div class=\"fusion-portfolio-meta\"><a href=\"http:\/\/flahult1686.se\/?portfolio_category=graphic-design\" rel=\"tag\">Design<\/a><\/div><div class=\"fusion-post-content\"><p>Fotskrapa\u00a0tillverkad i massivt gjutj\u00e4rn. Design i\u00a0rustikt\u00a0snitt. Teknisk fakta: Bredd: 61 cm. Djup: 31 cm. F\u00e4rg: Svart, rostskyddsbehandlad.      <\/p><\/div><\/div><\/div><\/article><\/div><\/div><div class=\"fusion-clearfix\"><\/div><\/div><\/div><\/div><\/div><\/p>\n","protected":false},"excerpt":{"rendered":"","protected":false},"author":1,"featured_media":0,"parent":0,"menu_order":3,"comment_status":"open","ping_status":"closed","template":"","meta":{"footnotes":""},"class_list":["post-13033","page","type-page","status-publish","hentry"],"_links":{"self":[{"href":"http:\/\/flahult1686.se\/index.php?rest_route=\/wp\/v2\/pages\/13033","targetHints":{"allow":["GET"]}}],"collection":[{"href":"http:\/\/flahult1686.se\/index.php?rest_route=\/wp\/v2\/pages"}],"about":[{"href":"http:\/\/flahult1686.se\/index.php?rest_route=\/wp\/v2\/types\/page"}],"author":[{"embeddable":true,"href":"http:\/\/flahult1686.se\/index.php?rest_route=\/wp\/v2\/users\/1"}],"replies":[{"embeddable":true,"href":"http:\/\/flahult1686.se\/index.php?rest_route=%2Fwp%2Fv2%2Fcomments&post=13033"}],"version-history":[{"count":22,"href":"http:\/\/flahult1686.se\/index.php?rest_route=\/wp\/v2\/pages\/13033\/revisions"}],"predecessor-version":[{"id":13512,"href":"http:\/\/flahult1686.se\/index.php?rest_route=\/wp\/v2\/pages\/13033\/revisions\/13512"}],"wp:attachment":[{"href":"http:\/\/flahult1686.se\/index.php?rest_route=%2Fwp%2Fv2%2Fmedia&parent=13033"}],"curies":[{"name":"wp","href":"https:\/\/api.w.org\/{rel}","templated":true}]}}